{"id":36,"date":"2022-03-18T07:59:13","date_gmt":"2022-03-18T07:59:13","guid":{"rendered":"http:\/\/citricosnu\u00f1ez.com\/?page_id=36"},"modified":"2023-11-02T05:11:48","modified_gmt":"2023-11-02T05:11:48","slug":"sobre-nosotros","status":"publish","type":"page","link":"https:\/\/lachercourier.com\/en\/sobre-nosotros\/","title":{"rendered":"Sobre nosotros"},"content":{"rendered":"<p>[et_pb_section fb_built=\u00bb1&#8243; fullwidth=\u00bbon\u00bb _builder_version=\u00bb4.16&#8243; _module_preset=\u00bbdefault\u00bb animation_style=\u00bbslide\u00bb animation_direction=\u00bbtop\u00bb animation_intensity_slide=\u00bb2%\u00bb animation_starting_opacity=\u00bb100%\u00bb global_colors_info=\u00bb{}\u00bb][et_pb_fullwidth_header title=\u00bbSobre nosotros\u00bb content_max_width=\u00bb800px\u00bb _builder_version=\u00bb4.17.4&#8243; _module_preset=\u00bbdefault\u00bb title_level=\u00bbh2&#8243; title_font=\u00bbLato|700|||||||\u00bb title_font_size=\u00bb60px\u00bb title_line_height=\u00bb1.2em\u00bb content_font=\u00bb||||||||\u00bb content_font_size=\u00bb20px\u00bb content_line_height=\u00bb1.8em\u00bb background_color=\u00bbrgba(255, 255, 255, 0)\u00bb use_background_color_gradient=\u00bbon\u00bb background_color_gradient_direction=\u00bb90deg\u00bb background_color_gradient_stops=\u00bbrgba(0,0,0,0.75) 0%|rgba(0,0,0,0) 100%\u00bb background_color_gradient_overlays_image=\u00bbon\u00bb background_color_gradient_start=\u00bbrgba(0,0,0,0.75)\u00bb background_color_gradient_end=\u00bbrgba(0,0,0,0)\u00bb background_image=\u00bbhttps:\/\/lachercourier.com\/wp-content\/uploads\/2023\/10\/Furgoneta-velocidad-scaled-2.jpg\u00bb custom_button_one=\u00bbon\u00bb button_one_text_size=\u00bb18px\u00bb button_one_bg_color=\u00bb#02d002&#8243; button_one_border_width=\u00bb8px\u00bb button_one_border_color=\u00bb#02d002&#8243; button_one_border_radius=\u00bb0px\u00bb button_one_letter_spacing=\u00bb1px\u00bb button_one_font=\u00bbLato|700|||||||\u00bb button_one_use_icon=\u00bboff\u00bb custom_button_two=\u00bbon\u00bb button_two_text_size=\u00bb18px\u00bb button_two_text_color=\u00bb#353740&#8243; button_two_bg_color=\u00bb#ffffff\u00bb button_two_border_width=\u00bb8px\u00bb button_two_border_color=\u00bb#ffffff\u00bb button_two_border_radius=\u00bb0px\u00bb button_two_letter_spacing=\u00bb1px\u00bb button_two_font=\u00bbLato|700|||||||\u00bb button_two_use_icon=\u00bboff\u00bb custom_margin=\u00bb|||\u00bb custom_padding=\u00bb10%||10%||true|false\u00bb hover_enabled=\u00bb0&#8243; button_one_letter_spacing_hover=\u00bb1px\u00bb button_two_letter_spacing_hover=\u00bb1px\u00bb locked=\u00bboff\u00bb global_colors_info=\u00bb{}\u00bb button_one_text_size__hover_enabled=\u00bboff\u00bb button_two_text_size__hover_enabled=\u00bboff\u00bb button_one_text_color__hover_enabled=\u00bboff\u00bb button_two_text_color__hover_enabled=\u00bboff\u00bb button_one_border_width__hover_enabled=\u00bboff\u00bb button_two_border_width__hover_enabled=\u00bboff\u00bb button_one_border_color__hover_enabled=\u00bboff\u00bb button_two_border_color__hover_enabled=\u00bboff\u00bb button_one_border_radius__hover_enabled=\u00bboff\u00bb button_two_border_radius__hover_enabled=\u00bboff\u00bb button_one_letter_spacing__hover_enabled=\u00bbon\u00bb button_one_letter_spacing__hover=\u00bb1px\u00bb button_two_letter_spacing__hover_enabled=\u00bbon\u00bb button_two_letter_spacing__hover=\u00bb1px\u00bb button_one_bg_color__hover_enabled=\u00bboff\u00bb button_two_bg_color__hover_enabled=\u00bboff\u00bb title_text=\u00bbFurgoneta-velocidad-scaled\u00bb sticky_enabled=\u00bb0&#8243;][\/et_pb_fullwidth_header][\/et_pb_section][et_pb_section fb_built=\u00bb1&#8243; admin_label=\u00bbOur Story Section\u00bb _builder_version=\u00bb4.16&#8243; _module_preset=\u00bbdefault\u00bb custom_padding=\u00bb13px||0px|||\u00bb global_colors_info=\u00bb{}\u00bb][et_pb_row column_structure=\u00bb1_2,1_2&#8243; admin_label=\u00bbOur Story Area\u00bb _builder_version=\u00bb4.17.4&#8243; _module_preset=\u00bbdefault\u00bb custom_padding=\u00bb||24px|||\u00bb hover_enabled=\u00bb0&#8243; global_colors_info=\u00bb{}\u00bb width=\u00bb100%\u00bb sticky_enabled=\u00bb0&#8243;][et_pb_column type=\u00bb1_2&#8243; _builder_version=\u00bb4.16&#8243; _module_preset=\u00bbdefault\u00bb custom_padding=\u00bb|||\u00bb global_colors_info=\u00bb{}\u00bb custom_padding__hover=\u00bb|||\u00bb][et_pb_image src=\u00bbhttps:\/\/lachercourier.com\/wp-content\/uploads\/2023\/10\/Maqueta-empresa-logos-1.jpg\u00bb title_text=\u00bbMaqueta-empresa-logos\u00bb align=\u00bbcenter\u00bb align_tablet=\u00bbcenter\u00bb align_phone=\u00bbcenter\u00bb align_last_edited=\u00bbon|desktop\u00bb _builder_version=\u00bb4.17.4&#8243; _module_preset=\u00bbdefault\u00bb width=\u00bb100%\u00bb hover_enabled=\u00bb0&#8243; global_colors_info=\u00bb{}\u00bb sticky_enabled=\u00bb0&#8243; custom_margin=\u00bb23px|||||\u00bb border_radii=\u00bbon|12px|12px|12px|12px\u00bb][\/et_pb_image][\/et_pb_column][et_pb_column type=\u00bb1_2&#8243; _builder_version=\u00bb4.16&#8243; _module_preset=\u00bbdefault\u00bb custom_padding=\u00bb|||\u00bb global_colors_info=\u00bb{}\u00bb custom_padding__hover=\u00bb|||\u00bb][et_pb_text admin_label=\u00bbTitle\u00bb _builder_version=\u00bb4.17.4&#8243; _module_preset=\u00bbdefault\u00bb text_font=\u00bb||||||||\u00bb header_font=\u00bb||||||||\u00bb header_2_font=\u00bb|800|||||||\u00bb header_2_font_size=\u00bb30px\u00bb header_2_line_height=\u00bb1.5em\u00bb module_alignment=\u00bbcenter\u00bb custom_margin=\u00bb0px||15px|||\u00bb custom_padding=\u00bb0px|||||\u00bb animation_direction=\u00bbleft\u00bb global_colors_info=\u00bb{}\u00bb]<\/p>\n<h2>\u00bfQui\u00e9nes somos?<\/h2>\n<p>[\/et_pb_text][et_pb_text _builder_version=\u00bb4.17.4&#8243; _module_preset=\u00bbdefault\u00bb text_font=\u00bb||||||||\u00bb text_line_height=\u00bb1.5em\u00bb animation_direction=\u00bbleft\u00bb hover_enabled=\u00bb0&#8243; global_colors_info=\u00bb{}\u00bb sticky_enabled=\u00bb0&#8243;]<\/p>\n<p>Nuestra historia se forja en m\u00e1s de 25 a\u00f1os de experiencia en el sector de la mensajer\u00eda y el transporte de paqueter\u00eda. Desde 1993, hemos brindado servicios excepcionales a nuestros clientes, construyendo una s\u00f3lida reputaci\u00f3n basada en confiabilidad y calidad.<\/p>\n<p>Nuestra dedicaci\u00f3n exclusiva al manejo de documentaci\u00f3n y peque\u00f1as paqueter\u00edas nos permite mantener una red de distribuci\u00f3n \u00e1gil y precisa, garantizando la puntualidad que nuestros clientes necesitan. Sabemos que en ocasiones se requiere el transporte de mercanc\u00edas voluminosas, y en estos casos, ofrecemos los medios y el asesoramiento necesarios.<\/p>\n<p>[\/et_pb_text][\/et_pb_column][\/et_pb_row][et_pb_row admin_label=\u00bbOur Story Area\u00bb _builder_version=\u00bb4.17.4&#8243; _module_preset=\u00bbdefault\u00bb custom_padding=\u00bb||42px|||\u00bb hover_enabled=\u00bb0&#8243; global_colors_info=\u00bb{}\u00bb width=\u00bb100%\u00bb sticky_enabled=\u00bb0&#8243;][et_pb_column type=\u00bb4_4&#8243; _builder_version=\u00bb4.16&#8243; _module_preset=\u00bbdefault\u00bb custom_padding=\u00bb|||\u00bb global_colors_info=\u00bb{}\u00bb custom_padding__hover=\u00bb|||\u00bb][et_pb_text _builder_version=\u00bb4.17.4&#8243; _module_preset=\u00bbdefault\u00bb text_font=\u00bb|700|||||||\u00bb text_line_height=\u00bb1.5em\u00bb animation_direction=\u00bbleft\u00bb hover_enabled=\u00bb0&#8243; global_colors_info=\u00bb{}\u00bb sticky_enabled=\u00bb0&#8243; width=\u00bb80%\u00bb module_alignment=\u00bbcenter\u00bb]<\/p>\n<p style=\"text-align: center;\">Ponemos a su disposici\u00f3n una amplia gama de servicios adicionales para satisfacer todas las necesidades de su empresa. Desde recogidas y entregas en cualquier destino hasta servicios especiales fuera del horario comercial, estamos aqu\u00ed para brindarle soluciones de transporte confiables y efectivas.<\/p>\n<p>[\/et_pb_text][et_pb_button button_url=\u00bb@ET-DC@eyJkeW5hbWljIjp0cnVlLCJjb250ZW50IjoicG9zdF9saW5rX3VybF9wYWdlIiwic2V0dGluZ3MiOnsicG9zdF9pZCI6IjM1MiJ9fQ==@\u00bb button_text=\u00bbVer servicios\u00bb button_alignment=\u00bbcenter\u00bb _builder_version=\u00bb4.17.4&#8243; _module_preset=\u00bbdefault\u00bb custom_button=\u00bbon\u00bb button_text_size=\u00bb17px\u00bb button_text_color=\u00bb#FFFFFF\u00bb button_bg_color=\u00bb#E02B20&#8243; button_border_color=\u00bb#E02B20&#8243; button_border_radius=\u00bb25px\u00bb hover_enabled=\u00bb0&#8243; global_colors_info=\u00bb{}\u00bb button_bg_enable_color=\u00bbon\u00bb _dynamic_attributes=\u00bbbutton_url\u00bb sticky_enabled=\u00bb0&#8243;][\/et_pb_button][\/et_pb_column][\/et_pb_row][\/et_pb_section][et_pb_section fb_built=\u00bb1&#8243; admin_label=\u00bbOur Mission Section\u00bb _builder_version=\u00bb4.17.4&#8243; _module_preset=\u00bbdefault\u00bb background_color=\u00bbgcid-20a2d6d1-dc55-438f-a28a-b45da62ee071&#8243; custom_padding=\u00bb0px||0px||false|false\u00bb hover_enabled=\u00bb0&#8243; global_colors_info=\u00bb{%22gcid-20a2d6d1-dc55-438f-a28a-b45da62ee071%22:%91%22background_color%22%93}\u00bb sticky_enabled=\u00bb0&#8243;][et_pb_row column_structure=\u00bb1_2,1_2&#8243; admin_label=\u00bbOur Mission Area\u00bb _builder_version=\u00bb4.17.4&#8243; _module_preset=\u00bbdefault\u00bb hover_enabled=\u00bb0&#8243; global_colors_info=\u00bb{}\u00bb sticky_enabled=\u00bb0&#8243;][et_pb_column type=\u00bb1_2&#8243; _builder_version=\u00bb4.16&#8243; _module_preset=\u00bbdefault\u00bb custom_padding=\u00bb|||\u00bb global_colors_info=\u00bb{}\u00bb custom_padding__hover=\u00bb|||\u00bb][et_pb_image src=\u00bbhttps:\/\/lachercourier.com\/wp-content\/uploads\/2023\/11\/repartidor-portapapeles-scaled.jpg\u00bb title_text=\u00bbrepartidor-portapapeles\u00bb _builder_version=\u00bb4.17.4&#8243; _module_preset=\u00bbdefault\u00bb hover_enabled=\u00bb0&#8243; global_colors_info=\u00bb{}\u00bb sticky_enabled=\u00bb0&#8243; border_radii=\u00bbon|12px|12px|12px|12px\u00bb][\/et_pb_image][\/et_pb_column][et_pb_column type=\u00bb1_2&#8243; _builder_version=\u00bb4.16&#8243; _module_preset=\u00bbdefault\u00bb custom_padding=\u00bb|||\u00bb global_colors_info=\u00bb{}\u00bb custom_padding__hover=\u00bb|||\u00bb][et_pb_text admin_label=\u00bbTitle\u00bb _builder_version=\u00bb4.17.4&#8243; _module_preset=\u00bbdefault\u00bb text_font=\u00bb||||||||\u00bb header_font=\u00bb||||||||\u00bb header_2_font=\u00bb|700|||||||\u00bb header_2_text_color=\u00bb#FFFFFF\u00bb header_2_font_size=\u00bb30px\u00bb header_2_line_height=\u00bb1.5em\u00bb module_alignment=\u00bbcenter\u00bb custom_margin=\u00bb-6px||15px|||\u00bb custom_padding=\u00bb55px|||||\u00bb animation_direction=\u00bbleft\u00bb hover_enabled=\u00bb0&#8243; global_colors_info=\u00bb{}\u00bb sticky_enabled=\u00bb0&#8243;]<\/p>\n<h2 style=\"text-align: center;\">Nuestra misi\u00f3n<\/h2>\n<p>[\/et_pb_text][et_pb_text _builder_version=\u00bb4.17.4&#8243; _module_preset=\u00bbdefault\u00bb text_font=\u00bb||||||||\u00bb text_line_height=\u00bb1.5em\u00bb animation_direction=\u00bbleft\u00bb hover_enabled=\u00bb0&#8243; global_colors_info=\u00bb{}\u00bb sticky_enabled=\u00bb0&#8243; text_text_color=\u00bb#FFFFFF\u00bb custom_margin=\u00bb14px|||||\u00bb]<\/p>\n<p>En LACHER COURIER, la experiencia y el compromiso son nuestros sellos distintivos. Con m\u00e1s de 25 a\u00f1os de experiencia en el sector, conocemos cada aspecto de este negocio.<\/p>\n<p>No existen desaf\u00edos imposibles para nosotros, y entregamos nuestro m\u00e1ximo esfuerzo en cada servicio que tomamos bajo nuestra responsabilidad.<\/p>\n<p>[\/et_pb_text][\/et_pb_column][\/et_pb_row][\/et_pb_section][et_pb_section fb_built=\u00bb1&#8243; admin_label=\u00bbOur Farmers Section\u00bb _builder_version=\u00bb4.16&#8243; _module_preset=\u00bbdefault\u00bb custom_padding=\u00bb42px||30px|||\u00bb global_colors_info=\u00bb{}\u00bb][et_pb_row column_structure=\u00bb1_3,2_3&#8243; admin_label=\u00bbOur Farmers Title Area\u00bb _builder_version=\u00bb4.16&#8243; _module_preset=\u00bbdefault\u00bb custom_padding=\u00bb||4px|||\u00bb locked=\u00bboff\u00bb global_colors_info=\u00bb{}\u00bb][et_pb_column type=\u00bb1_3&#8243; _builder_version=\u00bb4.16&#8243; _module_preset=\u00bbdefault\u00bb custom_padding=\u00bb|||\u00bb global_colors_info=\u00bb{}\u00bb custom_padding__hover=\u00bb|||\u00bb][et_pb_text admin_label=\u00bbTitle\u00bb _builder_version=\u00bb4.17.4&#8243; _module_preset=\u00bbdefault\u00bb text_font=\u00bb||||||||\u00bb header_font=\u00bb||||||||\u00bb header_2_font=\u00bb|800|||||||\u00bb header_2_font_size=\u00bb30px\u00bb header_2_line_height=\u00bb1.2em\u00bb module_alignment=\u00bbcenter\u00bb custom_margin=\u00bb||15px|\u00bb custom_padding=\u00bb|||\u00bb animation_direction=\u00bbleft\u00bb hover_enabled=\u00bb0&#8243; global_colors_info=\u00bb{%22gcid-20a2d6d1-dc55-438f-a28a-b45da62ee071%22:%91%22header_2_text_color%22%93}\u00bb header_2_text_color=\u00bbgcid-20a2d6d1-dc55-438f-a28a-b45da62ee071&#8243; sticky_enabled=\u00bb0&#8243;]<\/p>\n<h2>Servicios y estrategias<\/h2>\n<p>[\/et_pb_text][\/et_pb_column][et_pb_column type=\u00bb2_3&#8243; _builder_version=\u00bb4.16&#8243; _module_preset=\u00bbdefault\u00bb custom_padding=\u00bb|||\u00bb global_colors_info=\u00bb{}\u00bb custom_padding__hover=\u00bb|||\u00bb][et_pb_text _builder_version=\u00bb4.17.4&#8243; _module_preset=\u00bbdefault\u00bb text_font=\u00bb||||||||\u00bb text_font_size=\u00bb17px\u00bb text_line_height=\u00bb1.5em\u00bb custom_margin=\u00bb||25px||false|false\u00bb animation_direction=\u00bbleft\u00bb hover_enabled=\u00bb0&#8243; global_colors_info=\u00bb{%22gcid-20a2d6d1-dc55-438f-a28a-b45da62ee071%22:%91%22text_text_color%22%93}\u00bb text_text_color=\u00bbgcid-20a2d6d1-dc55-438f-a28a-b45da62ee071&#8243; sticky_enabled=\u00bb0&#8243;]<\/p>\n<p>En LACHER COURIER, creemos que cada cliente es \u00fanico, y adaptamos nuestros servicios para satisfacer sus necesidades espec\u00edficas. Ya sea una tarea peque\u00f1a o un proyecto exhaustivo, trabajamos de cerca con usted para dise\u00f1ar un plan personalizado que garantice una soluci\u00f3n precisa y efectiva.<\/p>\n<p>Ofrecemos una amplia gama de servicios, desde env\u00edos locales, con servicios inmediatos de moto o furgoneta en la Comunidad de Madrid, hasta env\u00edos nacionales, con entregas muy urgentes antes de las 8:30 del d\u00eda h\u00e1bil siguiente. Tambi\u00e9n proporcionamos servicios especiales, llevando sus env\u00edos a cualquier parte del mundo de la manera que mejor le convenga. Conf\u00ede en nosotros para entregar soluciones de transporte que se adapten a sus necesidades.<\/p>\n<p>[\/et_pb_text][et_pb_button button_url=\u00bb@ET-DC@eyJkeW5hbWljIjp0cnVlLCJjb250ZW50IjoicG9zdF9saW5rX3VybF9wYWdlIiwic2V0dGluZ3MiOnsicG9zdF9pZCI6IjE4In19@\u00bb button_text=\u00bbDescubre nuestro servicio exclusivo para empresas\u00bb button_alignment=\u00bbcenter\u00bb _builder_version=\u00bb4.17.4&#8243; _dynamic_attributes=\u00bbbutton_url\u00bb _module_preset=\u00bbdefault\u00bb custom_button=\u00bbon\u00bb button_text_size=\u00bb17px\u00bb button_text_color=\u00bb#FFFFFF\u00bb button_bg_color=\u00bbgcid-20a2d6d1-dc55-438f-a28a-b45da62ee071&#8243; button_border_color=\u00bbgcid-20a2d6d1-dc55-438f-a28a-b45da62ee071&#8243; button_border_radius=\u00bb25px\u00bb hover_enabled=\u00bb0&#8243; global_colors_info=\u00bb{%22gcid-20a2d6d1-dc55-438f-a28a-b45da62ee071%22:%91%22button_bg_color%22,%22button_border_color%22%93}\u00bb sticky_enabled=\u00bb0&#8243; button_bg_enable_color=\u00bbon\u00bb][\/et_pb_button][\/et_pb_column][\/et_pb_row][\/et_pb_section]<\/p>","protected":false},"excerpt":{"rendered":"<p>\u00bfQui\u00e9nes somos?Nuestra historia se forja en m\u00e1s de 25 a\u00f1os de experiencia en el sector de la mensajer\u00eda y el transporte de paqueter\u00eda. Desde 1993, hemos brindado servicios excepcionales a nuestros clientes, construyendo una s\u00f3lida reputaci\u00f3n basada en confiabilidad y calidad. Nuestra dedicaci\u00f3n exclusiva al manejo de documentaci\u00f3n y peque\u00f1as paqueter\u00edas nos permite mantener una [&hellip;]<\/p>","protected":false},"author":1,"featured_media":0,"parent":0,"menu_order":0,"comment_status":"closed","ping_status":"closed","template":"","meta":{"_et_pb_use_builder":"on","_et_pb_old_content":"<!-- wp:cover {\"url\":\"http:\/\/citricosnu\u00f1ez.com\/wp-content\/uploads\/2022\/03\/wide-neutra.jpg\",\"id\":11304,\"dimRatio\":50,\"overlayColor\":\"primary\",\"minHeight\":500,\"isDark\":false,\"align\":\"full\"} -->\n<div class=\"wp-block-cover alignfull is-light\" style=\"min-height:500px\"><span aria-hidden=\"true\" class=\"wp-block-cover__background has-primary-background-color has-background-dim\"><\/span><img class=\"wp-block-cover__image-background wp-image-11304\" alt=\"\" src=\"http:\/\/citricosnu\u00f1ez.com\/wp-content\/uploads\/2022\/03\/wide-neutra.jpg\" data-object-fit=\"cover\"\/><div class=\"wp-block-cover__inner-container\"><!-- wp:heading {\"textAlign\":\"center\",\"level\":1,\"textColor\":\"background\",\"fontSize\":\"xx-large\"} -->\n<h1 class=\"has-text-align-center has-background-color has-text-color has-xx-large-font-size\">Sobre<\/h1>\n<!-- \/wp:heading --><\/div><\/div>\n<!-- \/wp:cover -->\n\n<!-- wp:spacer {\"height\":\"20px\"} -->\n<div style=\"height:20px\" aria-hidden=\"true\" class=\"wp-block-spacer\"><\/div>\n<!-- \/wp:spacer -->\n\n<!-- wp:paragraph {\"style\":{\"spacing\":{\"margin\":{\"top\":\"var:preset|spacing|40\",\"right\":\"var:preset|spacing|40\",\"bottom\":\"var:preset|spacing|40\",\"left\":\"var:preset|spacing|40\"}}}} -->\n<p style=\"margin-top:var(--wp--preset--spacing--40);margin-right:var(--wp--preset--spacing--40);margin-bottom:var(--wp--preset--spacing--40);margin-left:var(--wp--preset--spacing--40)\">Aprovecha para contarle a tus clientes y potenciales clientes qui\u00e9n est\u00e1 detr\u00e1s de esta web, tu historia de vida, y alguna an\u00e9cdota que quieras compartir. Utiliza esta p\u00e1gina para empatizar.<\/p>\n<!-- \/wp:paragraph -->\n\n<!-- wp:spacer {\"height\":\"20px\"} -->\n<div style=\"height:20px\" aria-hidden=\"true\" class=\"wp-block-spacer\"><\/div>\n<!-- \/wp:spacer -->\n\n<!-- wp:spacer {\"height\":\"20px\"} -->\n<div style=\"height:20px\" aria-hidden=\"true\" class=\"wp-block-spacer\"><\/div>\n<!-- \/wp:spacer -->\n\n<!-- wp:group {\"align\":\"full\",\"backgroundColor\":\"tertiary\",\"layout\":{\"wideSize\":\"1000px\"}} -->\n<div class=\"wp-block-group alignfull has-tertiary-background-color has-background\"><!-- wp:heading {\"textAlign\":\"left\",\"fontSize\":\"x-large\"} -->\n<h2 class=\"has-text-align-left has-x-large-font-size\">Tu historia<\/h2>\n<!-- \/wp:heading -->\n\n<!-- wp:paragraph {\"align\":\"left\",\"fontSize\":\"medium\"} -->\n<p class=\"has-text-align-left has-medium-font-size\">Cuenta en este p\u00e1rrafo c\u00f3mo naci\u00f3 tu idea de negocio, qui\u00e9n est\u00e1 detr\u00e1s de \u00e9l, d\u00f3nde est\u00e1 la ubicaci\u00f3n y alguna an\u00e9cdota que te ayude a empatizar con el lector. <\/p>\n<!-- \/wp:paragraph -->\n\n<!-- wp:image {\"align\":\"center\",\"id\":11325,\"sizeSlug\":\"large\",\"linkDestination\":\"none\"} -->\n<figure class=\"wp-block-image aligncenter size-large\"><img src=\"http:\/\/citricosnu\u00f1ez.com\/wp-content\/plugins\/wp-optimizado\/admin\/assets\/image\/landscape-1024x666.jpg\" alt=\"\" class=\"wp-image-11325\"\/><\/figure>\n<!-- \/wp:image --><\/div>\n<!-- \/wp:group -->\n\n<!-- wp:group {\"align\":\"full\",\"layout\":{\"wideSize\":\"1000px\"}} -->\n<div class=\"wp-block-group alignfull\"><!-- wp:heading {\"fontSize\":\"x-large\"} -->\n<h2 class=\"has-x-large-font-size\">Qu\u00e9 ofreces<\/h2>\n<!-- \/wp:heading -->\n\n<!-- wp:paragraph {\"fontSize\":\"medium\"} -->\n<p class=\"has-medium-font-size\">Explica cu\u00e1les son tus retos y tus mayores desaf\u00edos. Recuerda que lo m\u00e1s importante es que tu cliente te vea natural y quiera saber m\u00e1s de ti.<\/p>\n<!-- \/wp:paragraph -->\n\n<!-- wp:image {\"align\":\"center\",\"id\":11325,\"sizeSlug\":\"large\",\"linkDestination\":\"none\"} -->\n<figure class=\"wp-block-image aligncenter size-large\"><img src=\"http:\/\/citricosnu\u00f1ez.com\/wp-content\/plugins\/wp-optimizado\/admin\/assets\/image\/landscape-1024x666.jpg\" alt=\"\" class=\"wp-image-11325\"\/><\/figure>\n<!-- \/wp:image --><\/div>\n<!-- \/wp:group -->\n\n<!-- wp:group {\"align\":\"full\",\"backgroundColor\":\"tertiary\",\"layout\":{\"wideSize\":\"1000px\"}} -->\n<div class=\"wp-block-group alignfull has-tertiary-background-color has-background\"><!-- wp:heading {\"fontSize\":\"x-large\"} -->\n<h2 class=\"has-x-large-font-size\">Qu\u00e9 te diferencia<\/h2>\n<!-- \/wp:heading -->\n\n<!-- wp:paragraph {\"fontSize\":\"medium\"} -->\n<p class=\"has-medium-font-size\">Aqu\u00ed puedes detallar qu\u00e9 es lo que ofreces que te diferencia de otras empresas o productos. C\u00e9ntrate en pocas diferencias, pero que generen mucho valor. <\/p>\n<!-- \/wp:paragraph -->\n\n<!-- wp:image {\"align\":\"center\",\"id\":11325,\"sizeSlug\":\"large\",\"linkDestination\":\"none\"} -->\n<figure class=\"wp-block-image aligncenter size-large\"><img src=\"http:\/\/citricosnu\u00f1ez.com\/wp-content\/plugins\/wp-optimizado\/admin\/assets\/image\/landscape-1024x666.jpg\" alt=\"\" class=\"wp-image-11325\"\/><\/figure>\n<!-- \/wp:image --><\/div>\n<!-- \/wp:group -->","_et_gb_content_width":"","footnotes":""},"class_list":["post-36","page","type-page","status-publish","hentry"],"yoast_head":"<!-- This site is optimized with the Yoast SEO plugin v21.8 - https:\/\/yoast.com\/wordpress\/plugins\/seo\/ -->\n<title>Sobre nosotros - Lacher Courier<\/title>\n<meta name=\"robots\" content=\"index, follow, max-snippet:-1, max-image-preview:large, max-video-preview:-1\" \/>\n<link rel=\"canonical\" href=\"https:\/\/lachercourier.com\/en\/sobre-nosotros\/\" \/>\n<meta property=\"og:locale\" content=\"en_GB\" \/>\n<meta property=\"og:type\" content=\"article\" \/>\n<meta property=\"og:title\" content=\"Sobre nosotros - Lacher Courier\" \/>\n<meta property=\"og:description\" content=\"\u00bfQui\u00e9nes somos?Nuestra historia se forja en m\u00e1s de 25 a\u00f1os de experiencia en el sector de la mensajer\u00eda y el transporte de paqueter\u00eda. Desde 1993, hemos brindado servicios excepcionales a nuestros clientes, construyendo una s\u00f3lida reputaci\u00f3n basada en confiabilidad y calidad. Nuestra dedicaci\u00f3n exclusiva al manejo de documentaci\u00f3n y peque\u00f1as paqueter\u00edas nos permite mantener una [&hellip;]\" \/>\n<meta property=\"og:url\" content=\"https:\/\/lachercourier.com\/en\/sobre-nosotros\/\" \/>\n<meta property=\"og:site_name\" content=\"Lacher Courier\" \/>\n<meta property=\"article:modified_time\" content=\"2023-11-02T05:11:48+00:00\" \/>\n<meta name=\"twitter:card\" content=\"summary_large_image\" \/>\n<meta name=\"twitter:label1\" content=\"Estimated reading time\" \/>\n\t<meta name=\"twitter:data1\" content=\"8 minutes\" \/>\n<script type=\"application\/ld+json\" class=\"yoast-schema-graph\">{\"@context\":\"https:\/\/schema.org\",\"@graph\":[{\"@type\":\"WebPage\",\"@id\":\"https:\/\/lachercourier.com\/sobre-nosotros\/\",\"url\":\"https:\/\/lachercourier.com\/sobre-nosotros\/\",\"name\":\"Sobre nosotros - Lacher Courier\",\"isPartOf\":{\"@id\":\"https:\/\/lachercourier.com\/#website\"},\"datePublished\":\"2022-03-18T07:59:13+00:00\",\"dateModified\":\"2023-11-02T05:11:48+00:00\",\"breadcrumb\":{\"@id\":\"https:\/\/lachercourier.com\/sobre-nosotros\/#breadcrumb\"},\"inLanguage\":\"en-GB\",\"potentialAction\":[{\"@type\":\"ReadAction\",\"target\":[\"https:\/\/lachercourier.com\/sobre-nosotros\/\"]}]},{\"@type\":\"BreadcrumbList\",\"@id\":\"https:\/\/lachercourier.com\/sobre-nosotros\/#breadcrumb\",\"itemListElement\":[{\"@type\":\"ListItem\",\"position\":1,\"name\":\"Portada\",\"item\":\"https:\/\/lachercourier.com\/\"},{\"@type\":\"ListItem\",\"position\":2,\"name\":\"Sobre nosotros\"}]},{\"@type\":\"WebSite\",\"@id\":\"https:\/\/lachercourier.com\/#website\",\"url\":\"https:\/\/lachercourier.com\/\",\"name\":\"Lacher Courier\",\"description\":\"Env\u00edos Urgentes y Servicios de Mensajer\u00eda en Madrid. L\u00edderes en env\u00edos con eficacia y puntualidad. Conf\u00ede en Lacher Courier para sus entregas urgentes.\",\"potentialAction\":[{\"@type\":\"SearchAction\",\"target\":{\"@type\":\"EntryPoint\",\"urlTemplate\":\"https:\/\/lachercourier.com\/?s={search_term_string}\"},\"query-input\":\"required name=search_term_string\"}],\"inLanguage\":\"en-GB\"}]}<\/script>\n<!-- \/ Yoast SEO plugin. -->","yoast_head_json":{"title":"Sobre nosotros - Lacher Courier","robots":{"index":"index","follow":"follow","max-snippet":"max-snippet:-1","max-image-preview":"max-image-preview:large","max-video-preview":"max-video-preview:-1"},"canonical":"https:\/\/lachercourier.com\/en\/sobre-nosotros\/","og_locale":"en_GB","og_type":"article","og_title":"Sobre nosotros - Lacher Courier","og_description":"\u00bfQui\u00e9nes somos?Nuestra historia se forja en m\u00e1s de 25 a\u00f1os de experiencia en el sector de la mensajer\u00eda y el transporte de paqueter\u00eda. Desde 1993, hemos brindado servicios excepcionales a nuestros clientes, construyendo una s\u00f3lida reputaci\u00f3n basada en confiabilidad y calidad. Nuestra dedicaci\u00f3n exclusiva al manejo de documentaci\u00f3n y peque\u00f1as paqueter\u00edas nos permite mantener una [&hellip;]","og_url":"https:\/\/lachercourier.com\/en\/sobre-nosotros\/","og_site_name":"Lacher Courier","article_modified_time":"2023-11-02T05:11:48+00:00","twitter_card":"summary_large_image","twitter_misc":{"Estimated reading time":"8 minutes"},"schema":{"@context":"https:\/\/schema.org","@graph":[{"@type":"WebPage","@id":"https:\/\/lachercourier.com\/sobre-nosotros\/","url":"https:\/\/lachercourier.com\/sobre-nosotros\/","name":"Sobre nosotros - Lacher Courier","isPartOf":{"@id":"https:\/\/lachercourier.com\/#website"},"datePublished":"2022-03-18T07:59:13+00:00","dateModified":"2023-11-02T05:11:48+00:00","breadcrumb":{"@id":"https:\/\/lachercourier.com\/sobre-nosotros\/#breadcrumb"},"inLanguage":"en-GB","potentialAction":[{"@type":"ReadAction","target":["https:\/\/lachercourier.com\/sobre-nosotros\/"]}]},{"@type":"BreadcrumbList","@id":"https:\/\/lachercourier.com\/sobre-nosotros\/#breadcrumb","itemListElement":[{"@type":"ListItem","position":1,"name":"Portada","item":"https:\/\/lachercourier.com\/"},{"@type":"ListItem","position":2,"name":"Sobre nosotros"}]},{"@type":"WebSite","@id":"https:\/\/lachercourier.com\/#website","url":"https:\/\/lachercourier.com\/","name":"Lacher Courier","description":"Env\u00edos Urgentes y Servicios de Mensajer\u00eda en Madrid. L\u00edderes en env\u00edos con eficacia y puntualidad. Conf\u00ede en Lacher Courier para sus entregas urgentes.","potentialAction":[{"@type":"SearchAction","target":{"@type":"EntryPoint","urlTemplate":"https:\/\/lachercourier.com\/?s={search_term_string}"},"query-input":"required name=search_term_string"}],"inLanguage":"en-GB"}]}},"_links":{"self":[{"href":"https:\/\/lachercourier.com\/en\/wp-json\/wp\/v2\/pages\/36","targetHints":{"allow":["GET"]}}],"collection":[{"href":"https:\/\/lachercourier.com\/en\/wp-json\/wp\/v2\/pages"}],"about":[{"href":"https:\/\/lachercourier.com\/en\/wp-json\/wp\/v2\/types\/page"}],"author":[{"embeddable":true,"href":"https:\/\/lachercourier.com\/en\/wp-json\/wp\/v2\/users\/1"}],"replies":[{"embeddable":true,"href":"https:\/\/lachercourier.com\/en\/wp-json\/wp\/v2\/comments?post=36"}],"version-history":[{"count":21,"href":"https:\/\/lachercourier.com\/en\/wp-json\/wp\/v2\/pages\/36\/revisions"}],"predecessor-version":[{"id":666,"href":"https:\/\/lachercourier.com\/en\/wp-json\/wp\/v2\/pages\/36\/revisions\/666"}],"wp:attachment":[{"href":"https:\/\/lachercourier.com\/en\/wp-json\/wp\/v2\/media?parent=36"}],"curies":[{"name":"wp","href":"https:\/\/api.w.org\/{rel}","templated":true}]}}